{"id":1575,"date":"2020-07-25T14:42:51","date_gmt":"2020-07-25T13:42:51","guid":{"rendered":"http:\/\/cristinamuntean.tv\/?post_type=product&#038;p=1575"},"modified":"2023-02-27T22:30:53","modified_gmt":"2023-02-27T21:30:53","slug":"krize-hrozba-nebo-prilezitost","status":"publish","type":"product","link":"https:\/\/cristinamuntean.tv\/cs\/produkt\/krize-hrozba-nebo-prilezitost\/","title":{"rendered":"ONLINE VIDEO KURZ: KRIZOV\u00c1 KOMUNIKACE"},"content":{"rendered":"<p>Z\u00c1KLADY KRIZOV\u00c9 KOMUNIKACE PRO KA\u017dD\u00c9HO<\/p>\n","protected":false},"excerpt":{"rendered":"<p>Z\u00e1klady krizov\u00e9 komunikace pro ka\u017ed\u00e9ho<\/p>\n","protected":false},"featured_media":1492,"template":"","meta":{"_acf_changed":false,"_seopress_robots_primary_cat":"none","_seopress_titles_title":"ONLINE VIDEO KURZ: KRIZOV\u00c1 KOMUNIKACE","_seopress_titles_desc":"Z\u00c1KLADY KRIZOV\u00c9 KOMUNIKACE PRO KA\u017dD\u00c9HO\r\n","_seopress_robots_index":""},"product_brand":[],"product_cat":[58],"product_tag":[],"class_list":{"0":"post-1575","1":"product","2":"type-product","3":"status-publish","4":"has-post-thumbnail","6":"product_cat-video-kurz","8":"first","9":"instock","10":"virtual","11":"taxable","12":"purchasable","13":"product-type-simple"},"acf":[],"_links":{"self":[{"href":"https:\/\/cristinamuntean.tv\/cs\/wp-json\/wp\/v2\/product\/1575","targetHints":{"allow":["GET"]}}],"collection":[{"href":"https:\/\/cristinamuntean.tv\/cs\/wp-json\/wp\/v2\/product"}],"about":[{"href":"https:\/\/cristinamuntean.tv\/cs\/wp-json\/wp\/v2\/types\/product"}],"wp:featuredmedia":[{"embeddable":true,"href":"https:\/\/cristinamuntean.tv\/cs\/wp-json\/wp\/v2\/media\/1492"}],"wp:attachment":[{"href":"https:\/\/cristinamuntean.tv\/cs\/wp-json\/wp\/v2\/media?parent=1575"}],"wp:term":[{"taxonomy":"product_brand","embeddable":true,"href":"https:\/\/cristinamuntean.tv\/cs\/wp-json\/wp\/v2\/product_brand?post=1575"},{"taxonomy":"product_cat","embeddable":true,"href":"https:\/\/cristinamuntean.tv\/cs\/wp-json\/wp\/v2\/product_cat?post=1575"},{"taxonomy":"product_tag","embeddable":true,"href":"https:\/\/cristinamuntean.tv\/cs\/wp-json\/wp\/v2\/product_tag?post=1575"}],"curies":[{"name":"wp","href":"https:\/\/api.w.org\/{rel}","templated":true}]}}