{"id":1574,"date":"2020-07-25T14:42:48","date_gmt":"2020-07-25T13:42:48","guid":{"rendered":"http:\/\/cristinamuntean.tv\/?post_type=product&#038;p=1574"},"modified":"2023-02-27T22:30:56","modified_gmt":"2023-02-27T21:30:56","slug":"vy-jako-znacka","status":"publish","type":"product","link":"https:\/\/cristinamuntean.tv\/cs\/produkt\/vy-jako-znacka\/","title":{"rendered":"ONLINE VIDEO KURZ: VY JAKO ZNA\u010cKA"},"content":{"rendered":"<p>STRATEGIE VA\u0160\u00cd OSOBN\u00cd KOMUNIKACE<\/p>\n","protected":false},"excerpt":{"rendered":"<p>Strategie va\u0161\u00ed osobn\u00ed komunikace<\/p>\n","protected":false},"featured_media":1438,"template":"","meta":{"_acf_changed":false,"_seopress_robots_primary_cat":"none","_seopress_titles_title":"ONLINE VIDEO KURZ: VY JAKO ZNA\u010cKA","_seopress_titles_desc":"STRATEGIE VA\u0160\u00cd OSOBN\u00cd KOMUNIKACE\r\n","_seopress_robots_index":""},"product_brand":[],"product_cat":[58],"product_tag":[],"class_list":{"0":"post-1574","1":"product","2":"type-product","3":"status-publish","4":"has-post-thumbnail","6":"product_cat-video-kurz","8":"first","9":"instock","10":"virtual","11":"taxable","12":"purchasable","13":"product-type-simple"},"acf":[],"_links":{"self":[{"href":"https:\/\/cristinamuntean.tv\/cs\/wp-json\/wp\/v2\/product\/1574","targetHints":{"allow":["GET"]}}],"collection":[{"href":"https:\/\/cristinamuntean.tv\/cs\/wp-json\/wp\/v2\/product"}],"about":[{"href":"https:\/\/cristinamuntean.tv\/cs\/wp-json\/wp\/v2\/types\/product"}],"wp:featuredmedia":[{"embeddable":true,"href":"https:\/\/cristinamuntean.tv\/cs\/wp-json\/wp\/v2\/media\/1438"}],"wp:attachment":[{"href":"https:\/\/cristinamuntean.tv\/cs\/wp-json\/wp\/v2\/media?parent=1574"}],"wp:term":[{"taxonomy":"product_brand","embeddable":true,"href":"https:\/\/cristinamuntean.tv\/cs\/wp-json\/wp\/v2\/product_brand?post=1574"},{"taxonomy":"product_cat","embeddable":true,"href":"https:\/\/cristinamuntean.tv\/cs\/wp-json\/wp\/v2\/product_cat?post=1574"},{"taxonomy":"product_tag","embeddable":true,"href":"https:\/\/cristinamuntean.tv\/cs\/wp-json\/wp\/v2\/product_tag?post=1574"}],"curies":[{"name":"wp","href":"https:\/\/api.w.org\/{rel}","templated":true}]}}