{"id":1370,"date":"2020-06-27T13:29:25","date_gmt":"2020-06-27T12:29:25","guid":{"rendered":"http:\/\/cristinamuntean.tv\/?post_type=product&#038;p=1370"},"modified":"2023-02-27T22:31:03","modified_gmt":"2023-02-27T21:31:03","slug":"virtualni-porady","status":"publish","type":"product","link":"https:\/\/cristinamuntean.tv\/cs\/produkt\/virtualni-porady\/","title":{"rendered":"ONLINE VIDEO KURZ: VIRTU\u00c1LN\u00cd PORADY"},"content":{"rendered":"<p>JAK CHYT\u0158E A JEDNODU\u0160E POS\u00cdLIT VIRTU\u00c1LN\u00cd KOMUNIKACI A SPOLUPR\u00c1CI VA\u0160ICH LID\u00cd<\/p>\n","protected":false},"excerpt":{"rendered":"<p>Jak chyt\u0159e a jednodu\u0161e pos\u00edlit virtu\u00e1ln\u00ed komunikaci a spolupr\u00e1ci va\u0161ich lid\u00ed<\/p>\n","protected":false},"featured_media":1371,"template":"","meta":{"_acf_changed":false,"_seopress_robots_primary_cat":"none","_seopress_titles_title":"ONLINE VIDEO KURZ: VIRTU\u00c1LN\u00cd PORADY","_seopress_titles_desc":"JAK CHYT\u0158E A JEDNODU\u0160E POS\u00cdLIT VIRTU\u00c1LN\u00cd KOMUNIKACI A SPOLUPR\u00c1CI VA\u0160ICH LID\u00cd\r\n","_seopress_robots_index":""},"product_brand":[],"product_cat":[58],"product_tag":[],"class_list":{"0":"post-1370","1":"product","2":"type-product","3":"status-publish","4":"has-post-thumbnail","6":"product_cat-video-kurz","8":"first","9":"instock","10":"virtual","11":"taxable","12":"purchasable","13":"product-type-simple"},"acf":[],"_links":{"self":[{"href":"https:\/\/cristinamuntean.tv\/cs\/wp-json\/wp\/v2\/product\/1370","targetHints":{"allow":["GET"]}}],"collection":[{"href":"https:\/\/cristinamuntean.tv\/cs\/wp-json\/wp\/v2\/product"}],"about":[{"href":"https:\/\/cristinamuntean.tv\/cs\/wp-json\/wp\/v2\/types\/product"}],"wp:featuredmedia":[{"embeddable":true,"href":"https:\/\/cristinamuntean.tv\/cs\/wp-json\/wp\/v2\/media\/1371"}],"wp:attachment":[{"href":"https:\/\/cristinamuntean.tv\/cs\/wp-json\/wp\/v2\/media?parent=1370"}],"wp:term":[{"taxonomy":"product_brand","embeddable":true,"href":"https:\/\/cristinamuntean.tv\/cs\/wp-json\/wp\/v2\/product_brand?post=1370"},{"taxonomy":"product_cat","embeddable":true,"href":"https:\/\/cristinamuntean.tv\/cs\/wp-json\/wp\/v2\/product_cat?post=1370"},{"taxonomy":"product_tag","embeddable":true,"href":"https:\/\/cristinamuntean.tv\/cs\/wp-json\/wp\/v2\/product_tag?post=1370"}],"curies":[{"name":"wp","href":"https:\/\/api.w.org\/{rel}","templated":true}]}}