{"id":62,"date":"2018-02-04T11:22:29","date_gmt":"2018-02-04T10:22:29","guid":{"rendered":"http:\/\/cristinamuntean.tv\/?page_id=62"},"modified":"2021-04-08T17:55:58","modified_gmt":"2021-04-08T16:55:58","slug":"o-cristine","status":"publish","type":"page","link":"https:\/\/cristinamuntean.tv\/cs\/o-cristine\/","title":{"rendered":"O MN\u011a - CRISTIN\u011a MUNTEAN"},"content":{"rendered":"<p><img decoding=\"async\" class=\"aligncenter wp-image-193 size-full lazyload\" data-src=\"http:\/\/cristinamuntean.tv\/wp-content\/uploads\/2018\/03\/AAEAAQAAAAAAAAMrAAAAJDc5OWJkMDQ3LTA0YmUtNDFiYi04ZjdmLWU4NzJmNmQ2NDIwZQ.jpg\" alt=\"\" width=\"330\" height=\"330\" data-srcset=\"https:\/\/cristinamuntean.tv\/wp-content\/uploads\/2018\/03\/AAEAAQAAAAAAAAMrAAAAJDc5OWJkMDQ3LTA0YmUtNDFiYi04ZjdmLWU4NzJmNmQ2NDIwZQ.jpg 330w, https:\/\/cristinamuntean.tv\/wp-content\/uploads\/2018\/03\/AAEAAQAAAAAAAAMrAAAAJDc5OWJkMDQ3LTA0YmUtNDFiYi04ZjdmLWU4NzJmNmQ2NDIwZQ-150x150.jpg 150w, https:\/\/cristinamuntean.tv\/wp-content\/uploads\/2018\/03\/AAEAAQAAAAAAAAMrAAAAJDc5OWJkMDQ3LTA0YmUtNDFiYi04ZjdmLWU4NzJmNmQ2NDIwZQ-300x300.jpg 300w, https:\/\/cristinamuntean.tv\/wp-content\/uploads\/2018\/03\/AAEAAQAAAAAAAAMrAAAAJDc5OWJkMDQ3LTA0YmUtNDFiYi04ZjdmLWU4NzJmNmQ2NDIwZQ-100x100.jpg 100w\" data-sizes=\"(max-width: 330px) 100vw, 330px\" src=\"data:image\/svg+xml;base64,PHN2ZyB3aWR0aD0iMSIgaGVpZ2h0PSIxIiB4bWxucz0iaHR0cDovL3d3dy53My5vcmcvMjAwMC9zdmciPjwvc3ZnPg==\" style=\"--smush-placeholder-width: 330px; --smush-placeholder-aspect-ratio: 330\/330;\" \/><\/p>\n<p>Jmenuji se Cristina Muntean a jsem profesion\u00e1ln\u00ed lektorka strategick\u00fdch komunika\u010dn\u00edch dovednost\u00ed, budov\u00e1n\u00ed osobn\u00ed zna\u010dky, emo\u010dn\u00ed a systemick\u00e9 inteligence pro leadership. P\u016fvodem poch\u00e1z\u00edm z Rumunska, ale od roku 2004 \u017eiji v \u010cesk\u00e9 republice.<\/p>\n<p>B\u00fdvala jsem novin\u00e1\u0159ka a v minulosti jsem pracovala v rumunsk\u00fdch m\u00e9di\u00edch, pozd\u011bji po p\u0159est\u011bhov\u00e1n\u00ed do \u010ceska v \u010dasopisu Czech Business Weekly. N\u00e1hl\u00e9 uzav\u0159en\u00ed tohoto \u010dasopisu na konci dubna 2010 spustilo mou podnikatelskou dr\u00e1hu. O m\u011bs\u00edc pozd\u011bji jsem zalo\u017eila v Praze poradenskou a lektorskou agenturu Media Education CEE (p\u016fvodn\u011b MediaIntel), pod jej\u00ed\u017e hlavi\u010dkou pracuji se z\u00e1stupci nejv\u00fdznamn\u011bj\u0161\u00edch spole\u010dnost\u00ed v \u010cesk\u00e9 republice a ve st\u0159edn\u00ed i v\u00fdchodn\u00ed Evrop\u011b.<\/p>\n<p><strong>P\u0159ehled m\u00fdch b\u00fdval\u00fdch a sou\u010dasn\u00fdch klient\u016f:<\/strong><br \/>\nAsahi Group; Avon Cosmetics; B. Braun; Cream Finance; \u010cesk\u00e1 spo\u0159itelna; \u010ceskoslovensk\u00e1 obchodn\u00ed banka; DC Vision; Foxconn Global Services Division; GE Money Bank; Hay Group; Heureka \/ Naspers Group; Hexagonal Consulting France; Hypote\u010dn\u00ed banka; IBM; IKEA of Sweden; IKEA Purchasing Services; IKEA Retail Czech Republic, Slovakia and Hungary; ING Bank; Jihomoravsk\u00fd inova\u010dn\u00ed centrum (JIC); Komer\u010dn\u00ed banka; Mautilus; O2; Plze\u0148sk\u00fd Prazdroj; PPF Banka; Raiffeisenbank \u010cesk\u00e1 republika; RWE; Salesforce; Sprinx Systems; UniCredit Czech Republic and Slovakia; Unilever Czech Republic and Slovakia; University of Pittsburgh \u2013 KATZ Graduate School of Business; UP \u010cesk\u00e1 republika, xITee a mnoho dal\u0161\u00edch.<\/p>\n<p><strong>Nab\u00edz\u00edm celkem 4 druhy slu\u017eeb:<\/strong><\/p>\n<ul>\n<li>PORADENSTV\u00cd v oblasti strategick\u00e9 komunikace a rozvoje lid\u00ed a firem<\/li>\n<li>\u0160KOLEN\u00cd strategick\u00fdch komunika\u010dn\u00edch dovednost\u00ed, budov\u00e1n\u00ed osobn\u00ed zna\u010dky, emo\u010dn\u00ed a systemick\u00e9 inteligence a leadershipu<\/li>\n<li>KOU\u010cINK A MENTORING pro jednotlivce i t\u00fdmy<\/li>\n<li>FACILITACE SYSTEMICK\u00ddCH KONSTELAC\u00cd pro jednotlivce i organizace<\/li>\n<\/ul>\n<p><strong><strong>V\u0161echny slu\u017eby nab\u00edz\u00edm ve \u010dty\u0159 jazyc\u00edch:<\/strong><\/strong><\/p>\n<ul>\n<li>angli\u010dtin\u011b, \u010de\u0161tin\u011b, francouz\u0161tin\u011b a rumun\u0161tin\u011b<\/li>\n<\/ul>\n<p><strong>V\u00edce informac\u00ed o mn\u011b i m\u00fdch slu\u017eb\u00e1ch najdete na:<\/strong><\/p>\n<ul>\n<li><a href=\"http:\/\/www.cristinamuntean.cz\">cristinamuntean.cz<\/a> (v \u010de\u0161tin\u011b)<\/li>\n<li><a href=\"http:\/\/www.cristinamuntean.com\">cristinamuntean.com<\/a> (v angli\u010dtin\u011b).<\/li>\n<\/ul>\n<p><span style=\"font-weight: 400;\">Platforma CRISTINAMUNTEAN.TV vznikla p\u0159edev\u0161\u00edm jako Video akademie, kter\u00e1 m\u00e1 za c\u00edl vzd\u011bl\u00e1vat a podporovat ve\u0159ejnost. Proto\u017ee tr\u00e1v\u00edm v\u011bt\u0161inu sv\u00e9ho \u010dasu intern\u011b ve firm\u00e1ch, chci p\u0159es online video akademii umo\u017enit p\u0159\u00edstup k m\u00e9mu jedine\u010dn\u00e9mu know-how, ale tak\u00e9 ke zku\u0161enostem a my\u0161lenk\u00e1m m\u00fdch host\u016f. To v\u0161e na jednom m\u00edst\u011b formou kvalitn\u00edch vide\u00ed a audio nahr\u00e1vek (podcast\u016f) s nab\u00eddkou placen\u00fdch kurz\u016f.<\/span><\/p>\n<p><span style=\"font-weight: 400;\">Dal\u0161\u00edm m\u00fdm c\u00edlem je podporovat v\u00e1s, osoby, kter\u00e9 se st\u00e1vaj\u00ed sou\u010d\u00e1st\u00ed komunity CRISTINAMUNTEAN.TV a Video akademie. Chci abyste se stali lep\u0161\u00edmi, viditeln\u011bj\u0161\u00edmi a hodnotn\u011bj\u0161\u00edmi profesion\u00e1ly. I k tomu maj\u00ed slou\u017eit kr\u00e1tk\u00e1 videa, kter\u00e1 jsou p\u0159\u00edstupn\u00e1 zdarma a sd\u00edl\u00edm v nich v\u0161e, co jsem se za roky podnik\u00e1n\u00ed a \u0161kolen\u00ed vrcholov\u00fdch mana\u017eer\u016f v \u010cesku i zahrani\u010d\u00ed nau\u010dila.<\/span><\/p>\n<p><span style=\"font-weight: 400;\">M\u00fdm nejv\u011bt\u0161\u00edm p\u0159\u00e1n\u00edm je, aby se v\u0161e, co m\u00e1m osobn\u011b za sebou, stalo zdrojem inspirace a podpory pro v\u00e1s. V\u00edtejte v komunit\u011b CRISTINAMUNTEAN.TV a d\u00edky, \u017ee jste tu s n\u00e1mi.<\/span><\/p>\n","protected":false},"excerpt":{"rendered":"<p>Jmenuji se Cristina Muntean a jsem profesion\u00e1ln\u00ed lektorka strategick\u00fdch komunika\u010dn\u00edch [&hellip;]<\/p>\n","protected":false},"author":1,"featured_media":0,"parent":0,"menu_order":0,"comment_status":"closed","ping_status":"closed","template":"","meta":{"_acf_changed":false,"_seopress_robots_primary_cat":"","_seopress_titles_title":"","_seopress_titles_desc":"","_seopress_robots_index":"","footnotes":""},"class_list":["post-62","page","type-page","status-publish","hentry"],"acf":[],"_links":{"self":[{"href":"https:\/\/cristinamuntean.tv\/cs\/wp-json\/wp\/v2\/pages\/62","targetHints":{"allow":["GET"]}}],"collection":[{"href":"https:\/\/cristinamuntean.tv\/cs\/wp-json\/wp\/v2\/pages"}],"about":[{"href":"https:\/\/cristinamuntean.tv\/cs\/wp-json\/wp\/v2\/types\/page"}],"author":[{"embeddable":true,"href":"https:\/\/cristinamuntean.tv\/cs\/wp-json\/wp\/v2\/users\/1"}],"replies":[{"embeddable":true,"href":"https:\/\/cristinamuntean.tv\/cs\/wp-json\/wp\/v2\/comments?post=62"}],"version-history":[{"count":14,"href":"https:\/\/cristinamuntean.tv\/cs\/wp-json\/wp\/v2\/pages\/62\/revisions"}],"predecessor-version":[{"id":2984,"href":"https:\/\/cristinamuntean.tv\/cs\/wp-json\/wp\/v2\/pages\/62\/revisions\/2984"}],"wp:attachment":[{"href":"https:\/\/cristinamuntean.tv\/cs\/wp-json\/wp\/v2\/media?parent=62"}],"curies":[{"name":"wp","href":"https:\/\/api.w.org\/{rel}","templated":true}]}}