{"id":43,"date":"2018-01-24T08:39:41","date_gmt":"2018-01-24T08:39:41","guid":{"rendered":"http:\/\/cristinamuntean.tv\/?page_id=43"},"modified":"2021-04-12T09:01:43","modified_gmt":"2021-04-12T08:01:43","slug":"home","status":"publish","type":"page","link":"https:\/\/cristinamuntean.tv\/cs\/","title":{"rendered":"Hlavn\u00ed str\u00e1nka"},"content":{"rendered":"","protected":false},"excerpt":{"rendered":"","protected":false},"author":1,"featured_media":1420,"parent":0,"menu_order":0,"comment_status":"closed","ping_status":"closed","template":"","meta":{"_acf_changed":false,"_seopress_robots_primary_cat":"","_seopress_titles_title":"","_seopress_titles_desc":"Zde naleznete online kurzy, kr\u00e1tk\u00e1 praktick\u00e1 videa a inspiruj\u00edc\u00ed rozhovory s t\u011bmi nejlep\u0161\u00edmi odborn\u00edky, mana\u017eery a podnikateli. C\u00edlem t\u00e9to platformy je v\u00e1m pomoct r\u016fst v oblasti strategick\u00fdch komunika\u010dn\u00edch dovednost\u00ed, budov\u00e1n\u00ed osobn\u00ed zna\u010dky, emo\u010dn\u00ed inteligence a leadershipu.","_seopress_robots_index":"","footnotes":""},"class_list":["post-43","page","type-page","status-publish","has-post-thumbnail","hentry"],"acf":[],"_links":{"self":[{"href":"https:\/\/cristinamuntean.tv\/cs\/wp-json\/wp\/v2\/pages\/43","targetHints":{"allow":["GET"]}}],"collection":[{"href":"https:\/\/cristinamuntean.tv\/cs\/wp-json\/wp\/v2\/pages"}],"about":[{"href":"https:\/\/cristinamuntean.tv\/cs\/wp-json\/wp\/v2\/types\/page"}],"author":[{"embeddable":true,"href":"https:\/\/cristinamuntean.tv\/cs\/wp-json\/wp\/v2\/users\/1"}],"replies":[{"embeddable":true,"href":"https:\/\/cristinamuntean.tv\/cs\/wp-json\/wp\/v2\/comments?post=43"}],"version-history":[{"count":26,"href":"https:\/\/cristinamuntean.tv\/cs\/wp-json\/wp\/v2\/pages\/43\/revisions"}],"predecessor-version":[{"id":2988,"href":"https:\/\/cristinamuntean.tv\/cs\/wp-json\/wp\/v2\/pages\/43\/revisions\/2988"}],"wp:featuredmedia":[{"embeddable":true,"href":"https:\/\/cristinamuntean.tv\/cs\/wp-json\/wp\/v2\/media\/1420"}],"wp:attachment":[{"href":"https:\/\/cristinamuntean.tv\/cs\/wp-json\/wp\/v2\/media?parent=43"}],"curies":[{"name":"wp","href":"https:\/\/api.w.org\/{rel}","templated":true}]}}