{"id":395,"date":"2020-03-26T16:44:06","date_gmt":"2020-03-26T15:44:06","guid":{"rendered":"http:\/\/cristinamuntean.tv\/?page_id=395"},"modified":"2021-03-26T09:01:56","modified_gmt":"2021-03-26T08:01:56","slug":"zpracovani-osobnich-udaju","status":"publish","type":"page","link":"https:\/\/cristinamuntean.tv\/cs\/zpracovani-osobnich-udaju\/","title":{"rendered":"Zpracov\u00e1n\u00ed osobn\u00edch \u00fadaj\u016f"},"content":{"rendered":"<h1><b>Zpracov\u00e1n\u00ed osobn\u00edch \u00fadaj\u016f<\/b><\/h1>\n<p><b>DEFINICE POJM\u016e:<\/b><\/p>\n<p><b>\u27a2<\/b><b>\u00a0Osobn\u00ed \u00fadaje<\/b><\/p>\n<p>Osobn\u00ed \u00fadaje jsou v\u0161echny \u00fadaje, kter\u00e9 se vztahuj\u00ed k va\u0161\u00ed osob\u011b. Pat\u0159\u00ed k nim zejm\u00e9na va\u0161e jm\u00e9no a p\u0159\u00edjmen\u00ed, va\u0161e emailov\u00e1 adresa, telefonn\u00ed \u010d\u00edslo nebo va\u0161e u\u017eivatelsk\u00e9 jedn\u00e1n\u00ed p\u0159i pou\u017e\u00edv\u00e1n\u00ed na\u0161\u00edch elektronick\u00fdch m\u00e9di\u00edch.<\/p>\n<p>&nbsp;<\/p>\n<p><b>\u27a2<\/b><b>\u00a0Pr\u016fzkum trhu<\/b><\/p>\n<p>D\u00edky pr\u016fzkumu trhu jsme schopn\u00ed z\u00edskat empirick\u00e9 z\u00e1klady pro rozhodnut\u00ed, kter\u00e9 se t\u00fdkaj\u00ed na\u0161eho obchodn\u00edho modelu. P\u0159itom se zab\u00fdv\u00e1me ur\u010dit\u00fdm rozsahem t\u00e9mat, nap\u0159\u00edklad komunika\u010dn\u00edmi a mana\u017eersk\u00fdmi zvyklostmi, pot\u0159eb\u00e1m v oblasti osobn\u00edho rozvoje nebo pou\u017e\u00edv\u00e1n\u00edm m\u00e9di\u00ed. K tomu zaznamen\u00e1v\u00e1me osobn\u00ed \u00fadaje, kter\u00e9 p\u0159edem anonymizujeme, tak\u017ee zpracovan\u00e9 \u00fadaje nen\u00ed mo\u017en\u00e9 v \u017e\u00e1dn\u00e9m p\u0159\u00edpad\u011b p\u0159i\u0159adit k va\u0161\u00ed osob\u011b.<\/p>\n<p>&nbsp;<\/p>\n<p><b>ZPRACOVAN\u00c9 OSOBN\u00cd \u00daDAJE A \u00da\u010cELY JEJICH ZPRACOV\u00c1N\u00cd<\/b><\/p>\n<p>\u27a2\u00a0Objedn\u00e1n\u00ed slu\u017eeb a produkt\u016f u Media Education CEE s.r.o. a uzav\u0159en\u00ed smlouvy o poskytnut\u00ed slu\u017eeb a produkt\u016f. Za \u00fa\u010delem pln\u011bn\u00ed pr\u00e1v a povinnost\u00ed ze smlouvy zpracov\u00e1v\u00e1me tyto va\u0161e osobn\u00ed \u00fadaje:<\/p>\n<ul>\n<li>jm\u00e9no a p\u0159\u00edjmen\u00ed<\/li>\n<li>datum narozen\u00ed<\/li>\n<li>obchodn\u00ed firma \/ I\u010c<\/li>\n<li>bydli\u0161t\u011b \/ s\u00eddlo.<\/li>\n<\/ul>\n<p>&nbsp;<\/p>\n<p>\u27a2\u00a0Zas\u00edl\u00e1n\u00ed emailov\u00fdch (obchodn\u00edch) sd\u011blen\u00ed obsahuj\u00edc\u00edch informace o novink\u00e1ch, aktu\u00e1ln\u00edch nab\u00eddk\u00e1ch \u010di speci\u00e1ln\u00edch slevov\u00fdch akc\u00edch na slu\u017eby a produkty Media Education CEE s.r.o., jej\u00edch z\u00e1stupc\u016f \u010di vybran\u00fdch sp\u0159\u00e1telen\u00fdch organizac\u00ed \/ obchodn\u00fdch partner\u016f, doporu\u010den\u00ed knih a dal\u0161\u00ed u\u017eite\u010dn\u00e9 rady v oblasti komunikace a osobn\u00edho rozvoje od na\u0161\u00edch odborn\u00edk\u016f. Prost\u0159ednictv\u00edm emailu v\u00e1s budeme d\u00e1le informovat a motivovat k dal\u0161\u00edm pokrok\u016fm ve va\u0161em rozvojov\u00e9m programu.<\/p>\n<p>&nbsp;<\/p>\n<p><b>INFORMACE O ZPRACOV\u00c1N\u00cd OSOBN\u00cdCH \u00daDAJ\u016e<\/b><\/p>\n<p><b>\u27a2<\/b><b>\u00a0PR\u00c1VN\u00cd Z\u00c1KLAD PRO ZPRACOV\u00c1N\u00cd OSOBN\u00cdCH \u00daDAJ\u016e<\/b><\/p>\n<p>Pr\u00e1vn\u00edm z\u00e1kladem pro zpracov\u00e1n\u00ed va\u0161ich osobn\u00edch \u00fadaj\u016f v p\u0159\u00edpad\u011b objedn\u00e1n\u00ed slu\u017eeb a produkt\u016f a uzav\u0159en\u00ed smlouvy je spln\u011bn\u00ed smlouvy. Pr\u00e1vn\u00edm z\u00e1kladem pro zpracov\u00e1n\u00ed Va\u0161ich osobn\u00edch \u00fadaj\u016f ve zbyl\u00fdch p\u0159\u00edpadech (emailov\u00e9 (obchodn\u00ed) sd\u011blen\u00ed, SMS p\u0159ipom\u00ednky, veden\u00ed klientsk\u00e9 karty) je v\u00e1\u0161 souhlas. Va\u0161e osobn\u00ed \u00fadaje budou zpracov\u00e1v\u00e1ny na z\u00e1klad\u011b tohoto souhlasu, kter\u00fd m\u016f\u017ee b\u00fdt kdykoliv jednodu\u0161e a bez uveden\u00ed d\u016fvod\u016f odvol\u00e1n telefonicky na tel. \u010d\u00edsle +420 776 574 925, anebo emailem odeslan\u00fdm na adresu\u00a0<a href=\"mailto:cm@mediaed.cz\">cm@mediaed.cz<\/a>. Odvol\u00e1n\u00edm souhlasu ov\u0161em nen\u00ed dot\u010dena z\u00e1konnost p\u0159edchoz\u00edho zpracov\u00e1n\u00ed.<\/p>\n<p>&nbsp;<\/p>\n<p><b>\u27a2<\/b><b>\u00a0Z\u00c1STUPCE SPR\u00c1VCE P\u0158I ZPRACOV\u00c1N\u00cd OSOBN\u00cdCH \u00daDAJ\u016e<\/b><\/p>\n<p>Z\u00e1stupcem Spr\u00e1vce pro osobn\u00ed \u00fadaje je Mgr. Cristina Muntean, tel. +420 776 574 925, email\u00a0<a href=\"mailto:cm@mediaed.cz\">cm@mediaed.cz<\/a>, na kterou se m\u016f\u017eete kdykoliv obr\u00e1tit s p\u0159\u00edpadn\u00fdmi dotazy ohledn\u011b va\u0161ich osobn\u00edch \u00fadaj\u016f.<\/p>\n<p>&nbsp;<\/p>\n<p><b>\u27a2<\/b><b>\u00a0P\u0158\u00cdJEMCI OSOBN\u00cdCH \u00daDAJ\u016e<\/b><\/p>\n<p>Va\u0161e osobn\u00ed \u00fadaje nikomu nep\u0159ed\u00e1me, ani nijak jinak nesd\u011bl\u00edme mimo na\u0161\u00ed spole\u010dnost. Va\u0161e osobn\u00ed \u00fadaje nebudou p\u0159ed\u00e1ny do t\u0159et\u00ed zem\u011b nebo mezin\u00e1rodn\u00ed organizaci. M\u00e1me zavedena technick\u00e1 a organiza\u010dn\u00ed bezpe\u010dnostn\u00ed opat\u0159en\u00ed, abychom chr\u00e1nili Va\u0161e osobn\u00ed \u00fadaje v co nejvy\u0161\u0161\u00ed m\u00ed\u0159e, zejm\u00e9na proti neopr\u00e1vn\u011bn\u00e9mu p\u0159\u00edstupu k nim. Va\u0161e osobn\u00ed \u00fadaje jsou bezpe\u010dn\u011b uchov\u00e1ny v cloudov\u00e9m ulo\u017ei\u0161ti, kter\u00e9 n\u00e1m zaji\u0161\u0165uj\u00ed dva profesion\u00e1ln\u00ed poskytovatel\u00e9, obchodn\u00ed spole\u010dnost Dropbox International Unlimited Company, se s\u00eddlem One Park Place, 5. patro, Upper Hatch Street, Dublin 2, Irsko, a obchodn\u00ed spole\u010dnost SFDC Ireland Ltd, se s\u00eddlem One Central Park Level 3, Central Park Leopardstown, Dublin 18, Irsko. Dropbox Business je certifikovan\u00e1 spole\u010dnost, kter\u00e1 uplat\u0148uje standardy bezpe\u010dnosti dat ISO 27001\/2, ISO27018\/17 a SOC 2.<\/p>\n<p>&nbsp;<\/p>\n<p><b>\u27a2<\/b><b>\u00a0DOBA UCHOV\u00c1N\u00cd OSOBN\u00cdCH \u00daDAJ\u016e<\/b><\/p>\n<p>Va\u0161e osobn\u00ed \u00fadaje budeme v p\u0159\u00edpad\u011b uzav\u0159en\u00ed smlouvy ohledn\u011b objedn\u00e1n\u00ed slu\u017eeb a produkt\u016f a uzav\u0159en\u00ed smlouvy uchov\u00e1vat po dobu trv\u00e1n\u00ed a smlouvy a 3 roky po jej\u00edm skon\u010den\u00ed. Je-li zpracov\u00e1n\u00ed va\u0161ich osobn\u00edch \u00fadaj\u016f zalo\u017eeno na va\u0161em souhlasu a nebude-li v\u00e1\u0161 souhlas odvol\u00e1n, va\u0161e osobn\u00ed \u00fadaje budeme uchov\u00e1vat po dobu, kdy budete nav\u0161t\u011bvovat a u\u017e\u00edvat slu\u017eby spole\u010dnosti Media Education CEE s.r.o. a jej\u00edch z\u00e1stupc\u016f za \u00fa\u010delem \u0161kolen\u00ed, poradenstv\u00ed, kou\u010dinku, mentoringu \u010di jin\u00fdch druh\u016f konzultace s na\u0161imi odborn\u00edky. Pot\u00e9 si \u00fadaje ponech\u00e1me je\u0161t\u011b 3 roky pro p\u0159\u00edpad, \u017ee byste se k n\u00e1m vr\u00e1tili\/a, abychom mohli nav\u00e1zat na p\u0159edchoz\u00ed spolupr\u00e1ci s v\u00e1mi a znovu v\u00e1m p\u0159ipravit slu\u017eby na m\u00edru. I po tuto dobu jste opr\u00e1vn\u011bn\/a kdykoliv sv\u016fj souhlas odvolat a po\u017e\u00e1dat o v\u00fdmaz va\u0161ich osobn\u00edch \u00fadaj\u016f.<\/p>\n<p>&nbsp;<\/p>\n<p><b>\u27a2<\/b><b>\u00a0PO\u017dADAVEK ZPRACOV\u00c1N\u00cd OSOBN\u00cdCH \u00daDAJ\u016e<\/b><\/p>\n<p>Poskytnut\u00ed osobn\u00edch \u00fadaj\u016f je smluvn\u00edm po\u017eadavkem. K poskytnut\u00ed osobn\u00edch \u00fadaj\u016f nejste povinen\/a. Ov\u0161em, pokud n\u00e1m neposkytnete osobn\u00ed \u00fadaje uveden\u00e9 v\u00fd\u0161e, nebudeme v p\u0159\u00edpad\u011b objedn\u00e1n\u00ed slu\u017eeb a produkt\u016f v\u00e1m je poskytnout, ani v\u00e1m ve zbyl\u00fdch p\u0159\u00edpadech nebudeme schopn\u00ed poskytnout skute\u010dn\u011b kvalitn\u00ed \u0161kolen\u00ed, poradenstv\u00ed i dal\u0161\u00ed slu\u017eby individualizovan\u00e9 p\u0159\u00edmo pro va\u0161i osobu.<\/p>\n<p>&nbsp;<\/p>\n<p><b>\u27a2<\/b><b>\u00a0PR\u00c1VA KLIENTA<\/b><\/p>\n<p>M\u00e1te pr\u00e1vo kdykoliv od n\u00e1s po\u017eadovat informace o sv\u00fdch osobn\u00edch \u00fadaj\u00edch ulo\u017een\u00fdch u n\u00e1s, o jejich p\u016fvod\u016f, p\u0159\u00edjemc\u00edch nebo kategori\u00edch p\u0159\u00edjemc\u016f a o \u00fa\u010delu zpracov\u00e1n\u00ed osobn\u00edch \u00fadaj\u016f. M\u00e1te pr\u00e1vo z\u00edskat od n\u00e1s potvrzen\u00ed, zda va\u0161e osobn\u00ed \u00fadaje jsou nebo nejsou zpracov\u00e1v\u00e1ny a pokud ano, m\u00e1te pr\u00e1vo z\u00edskat k nim p\u0159\u00edstup.<\/p>\n<p>&nbsp;<\/p>\n<p>D\u00e1le m\u00e1te tak\u00e9 pr\u00e1vo:<\/p>\n<ol>\n<li>Po\u017eadovat opravu nep\u0159esn\u00fdch osobn\u00edch \u00fadaj\u016f a dopln\u011bn\u00ed ne\u00fapln\u00fdch osobn\u00edch \u00fadaj\u016f.<\/li>\n<li>Po\u017eadovat v\u00fdmaz osobn\u00edch \u00fadaj\u016f, zejm\u00e9na pokud:\n<ol>\n<li>ji\u017e nejsou pot\u0159ebn\u00e9 pro v\u00fd\u0161e uveden\u00e9 \u00fa\u010dely;<\/li>\n<li>jste odvolal\/a souhlas k jejich zpracov\u00e1n\u00ed;<\/li>\n<li>je zpracov\u00e1n\u00ed prov\u00e1d\u011bno protipr\u00e1vn\u011b.<\/li>\n<\/ol>\n<\/li>\n<li>Na omezen\u00ed zpracov\u00e1n\u00ed osobn\u00edch \u00fadaj\u016f, zejm\u00e9na pokud:\n<ol>\n<li>pop\u00edr\u00e1te p\u0159esnost osobn\u00edch \u00fadaj\u016f a my mus\u00edme jejich p\u0159esnost ov\u011b\u0159it;<\/li>\n<li>zpracov\u00e1n\u00ed je protipr\u00e1vn\u00ed, ale m\u00edsto v\u00fdmazu \u017e\u00e1d\u00e1te omezen\u00ed pou\u017eit\u00ed \u00fadaj\u016f;<\/li>\n<li>ji\u017e va\u0161e \u00fadaje nad\u00e1le nepot\u0159ebujeme, ale vy je po\u017eadujete pro ur\u010den\u00ed, v\u00fdkon nebo obhajobu sv\u00fdch pr\u00e1vn\u00edch n\u00e1rok\u016f.<\/li>\n<\/ol>\n<\/li>\n<li>Po\u017eadovat p\u0159enos osobn\u00edch \u00fadaj\u016f k v\u00e1mi ur\u010den\u00e9mu subjektu.<\/li>\n<li>Vzn\u00e9st n\u00e1mitku proti zpracov\u00e1n\u00ed osobn\u00edch \u00fadaj\u016f, zejm\u00e9na v p\u0159\u00edpad\u011b p\u0159\u00edm\u00e9ho marketingu.<\/li>\n<li>Podat st\u00ed\u017enost \u00da\u0159adu na ochranu osobn\u00edch \u00fadaj\u016f (<a href=\"http:\/\/www.uoou.cz\/\">www.uoou.cz<\/a>), pokud byste snad nabyl\/a dojmu, \u017ee jsou poru\u0161eny ustanoven\u00ed pr\u00e1vn\u00edch p\u0159edpisu na ochranu va\u0161ich osobn\u00edch \u00fadaj\u016f.<\/li>\n<\/ol>\n","protected":false},"excerpt":{"rendered":"<p>Zpracov\u00e1n\u00ed osobn\u00edch \u00fadaj\u016f DEFINICE POJM\u016e: \u27a2\u00a0Osobn\u00ed \u00fadaje Osobn\u00ed \u00fadaje jsou [&hellip;]<\/p>\n","protected":false},"author":1,"featured_media":0,"parent":0,"menu_order":0,"comment_status":"closed","ping_status":"closed","template":"","meta":{"_acf_changed":false,"_seopress_robots_primary_cat":"","_seopress_titles_title":"","_seopress_titles_desc":"","_seopress_robots_index":"","footnotes":""},"class_list":["post-395","page","type-page","status-publish","hentry"],"acf":[],"_links":{"self":[{"href":"https:\/\/cristinamuntean.tv\/cs\/wp-json\/wp\/v2\/pages\/395","targetHints":{"allow":["GET"]}}],"collection":[{"href":"https:\/\/cristinamuntean.tv\/cs\/wp-json\/wp\/v2\/pages"}],"about":[{"href":"https:\/\/cristinamuntean.tv\/cs\/wp-json\/wp\/v2\/types\/page"}],"author":[{"embeddable":true,"href":"https:\/\/cristinamuntean.tv\/cs\/wp-json\/wp\/v2\/users\/1"}],"replies":[{"embeddable":true,"href":"https:\/\/cristinamuntean.tv\/cs\/wp-json\/wp\/v2\/comments?post=395"}],"version-history":[{"count":7,"href":"https:\/\/cristinamuntean.tv\/cs\/wp-json\/wp\/v2\/pages\/395\/revisions"}],"predecessor-version":[{"id":2776,"href":"https:\/\/cristinamuntean.tv\/cs\/wp-json\/wp\/v2\/pages\/395\/revisions\/2776"}],"wp:attachment":[{"href":"https:\/\/cristinamuntean.tv\/cs\/wp-json\/wp\/v2\/media?parent=395"}],"curies":[{"name":"wp","href":"https:\/\/api.w.org\/{rel}","templated":true}]}}