{"id":3103,"date":"2021-10-22T07:55:49","date_gmt":"2021-10-22T06:55:49","guid":{"rendered":"http:\/\/cristinamuntean.tv\/?page_id=3103"},"modified":"2021-10-22T09:21:38","modified_gmt":"2021-10-22T08:21:38","slug":"ziva-vysilani-a-webinare","status":"publish","type":"page","link":"https:\/\/cristinamuntean.tv\/cs\/ziva-vysilani-a-webinare\/","title":{"rendered":"\u017div\u00e1 vys\u00edl\u00e1n\u00ed a webin\u00e1\u0159e"},"content":{"rendered":"","protected":false},"excerpt":{"rendered":"","protected":false},"author":1,"featured_media":0,"parent":0,"menu_order":0,"comment_status":"closed","ping_status":"closed","template":"","meta":{"_acf_changed":false,"_seopress_robots_primary_cat":"","_seopress_titles_title":"","_seopress_titles_desc":"","_seopress_robots_index":"","footnotes":""},"class_list":["post-3103","page","type-page","status-publish","hentry"],"acf":[],"_links":{"self":[{"href":"https:\/\/cristinamuntean.tv\/cs\/wp-json\/wp\/v2\/pages\/3103","targetHints":{"allow":["GET"]}}],"collection":[{"href":"https:\/\/cristinamuntean.tv\/cs\/wp-json\/wp\/v2\/pages"}],"about":[{"href":"https:\/\/cristinamuntean.tv\/cs\/wp-json\/wp\/v2\/types\/page"}],"author":[{"embeddable":true,"href":"https:\/\/cristinamuntean.tv\/cs\/wp-json\/wp\/v2\/users\/1"}],"replies":[{"embeddable":true,"href":"https:\/\/cristinamuntean.tv\/cs\/wp-json\/wp\/v2\/comments?post=3103"}],"version-history":[{"count":2,"href":"https:\/\/cristinamuntean.tv\/cs\/wp-json\/wp\/v2\/pages\/3103\/revisions"}],"predecessor-version":[{"id":3123,"href":"https:\/\/cristinamuntean.tv\/cs\/wp-json\/wp\/v2\/pages\/3103\/revisions\/3123"}],"wp:attachment":[{"href":"https:\/\/cristinamuntean.tv\/cs\/wp-json\/wp\/v2\/media?parent=3103"}],"curies":[{"name":"wp","href":"https:\/\/api.w.org\/{rel}","templated":true}]}}