{"id":1599,"date":"2020-08-10T08:09:23","date_gmt":"2020-08-10T07:09:23","guid":{"rendered":"http:\/\/cristinamuntean.tv\/?page_id=1599"},"modified":"2021-04-08T16:59:58","modified_gmt":"2021-04-08T15:59:58","slug":"vsechny-criscross-inspirace","status":"publish","type":"page","link":"https:\/\/cristinamuntean.tv\/cs\/vsechny-criscross-inspirace\/","title":{"rendered":"CrisCross inspirace"},"content":{"rendered":"","protected":false},"excerpt":{"rendered":"","protected":false},"author":1,"featured_media":2114,"parent":0,"menu_order":0,"comment_status":"closed","ping_status":"closed","template":"","meta":{"_acf_changed":false,"_seopress_robots_primary_cat":"","_seopress_titles_title":"","_seopress_titles_desc":"Na t\u00e9to str\u00e1nce naleznete seznam v\u0161ech kr\u00e1tk\u00fdch a inspirativn\u00edch vide\u00ed Cristiny Muntean z jej\u00edho Youtube kan\u00e1lu, Facebook str\u00e1nky a jin\u00fdch komunika\u010dn\u00edch kan\u00e1l\u016f.","_seopress_robots_index":"","footnotes":""},"class_list":["post-1599","page","type-page","status-publish","has-post-thumbnail","hentry"],"acf":[],"_links":{"self":[{"href":"https:\/\/cristinamuntean.tv\/cs\/wp-json\/wp\/v2\/pages\/1599","targetHints":{"allow":["GET"]}}],"collection":[{"href":"https:\/\/cristinamuntean.tv\/cs\/wp-json\/wp\/v2\/pages"}],"about":[{"href":"https:\/\/cristinamuntean.tv\/cs\/wp-json\/wp\/v2\/types\/page"}],"author":[{"embeddable":true,"href":"https:\/\/cristinamuntean.tv\/cs\/wp-json\/wp\/v2\/users\/1"}],"replies":[{"embeddable":true,"href":"https:\/\/cristinamuntean.tv\/cs\/wp-json\/wp\/v2\/comments?post=1599"}],"version-history":[{"count":3,"href":"https:\/\/cristinamuntean.tv\/cs\/wp-json\/wp\/v2\/pages\/1599\/revisions"}],"predecessor-version":[{"id":2978,"href":"https:\/\/cristinamuntean.tv\/cs\/wp-json\/wp\/v2\/pages\/1599\/revisions\/2978"}],"wp:featuredmedia":[{"embeddable":true,"href":"https:\/\/cristinamuntean.tv\/cs\/wp-json\/wp\/v2\/media\/2114"}],"wp:attachment":[{"href":"https:\/\/cristinamuntean.tv\/cs\/wp-json\/wp\/v2\/media?parent=1599"}],"curies":[{"name":"wp","href":"https:\/\/api.w.org\/{rel}","templated":true}]}}